{"id":1534,"date":"2024-02-22T14:58:43","date_gmt":"2024-02-22T14:58:43","guid":{"rendered":"https:\/\/www.implementandosgi.com\/sitiosplus\/?page_id=1534"},"modified":"2024-02-22T16:15:19","modified_gmt":"2024-02-22T16:15:19","slug":"productosrs","status":"publish","type":"page","link":"https:\/\/www.implementandosgi.com\/sitiosplus\/productosrs\/","title":{"rendered":"productos residuos"},"content":{"rendered":"\t\t<div data-elementor-type=\"wp-page\" data-elementor-id=\"1534\" class=\"elementor elementor-1534\">\n\t\t\t\t\t\t<section class=\"elementor-section elementor-top-section elementor-element elementor-element-e3ac2d4 elementor-section-boxed elementor-section-height-default elementor-section-height-default\" data-id=\"e3ac2d4\" data-element_type=\"section\" data-e-type=\"section\" data-settings=\"{&quot;background_background&quot;:&quot;classic&quot;}\">\n\t\t\t\t\t\t\t<div class=\"elementor-background-overlay\"><\/div>\n\t\t\t\t\t\t\t<div class=\"elementor-container elementor-column-gap-default\">\n\t\t\t\t\t<div class=\"elementor-column elementor-col-100 elementor-top-column elementor-element elementor-element-79b1102\" data-id=\"79b1102\" data-element_type=\"column\" data-e-type=\"column\">\n\t\t\t<div class=\"elementor-widget-wrap elementor-element-populated\">\n\t\t\t\t\t\t<div class=\"elementor-element elementor-element-f3e492d elementor-widget elementor-widget-heading\" data-id=\"f3e492d\" data-element_type=\"widget\" data-e-type=\"widget\" data-widget_type=\"heading.default\">\n\t\t\t\t<div class=\"elementor-widget-container\">\n\t\t\t\t\t<h1 class=\"elementor-heading-title elementor-size-default\">Productos<\/h1>\t\t\t\t<\/div>\n\t\t\t\t<\/div>\n\t\t\t\t\t<\/div>\n\t\t<\/div>\n\t\t\t\t\t<\/div>\n\t\t<\/section>\n\t\t\t\t<section class=\"elementor-section elementor-top-section elementor-element elementor-element-ec242ac elementor-section-boxed elementor-section-height-default elementor-section-height-default\" data-id=\"ec242ac\" data-element_type=\"section\" data-e-type=\"section\">\n\t\t\t\t\t\t<div class=\"elementor-container elementor-column-gap-default\">\n\t\t\t\t\t<div class=\"elementor-column elementor-col-25 elementor-top-column elementor-element elementor-element-e49240e\" data-id=\"e49240e\" data-element_type=\"column\" data-e-type=\"column\">\n\t\t\t<div class=\"elementor-widget-wrap elementor-element-populated\">\n\t\t\t\t\t\t<div class=\"elementor-element elementor-element-4699a89 elementor-widget elementor-widget-image\" data-id=\"4699a89\" data-element_type=\"widget\" data-e-type=\"widget\" data-widget_type=\"image.default\">\n\t\t\t\t<div class=\"elementor-widget-container\">\n\t\t\t\t\t\t\t\t\t\t\t\t\t\t\t\t<a href=\"https:\/\/tienda.atcalsas.com\/producto\/residuos-de-aparatos-electricos-y-electronicos-raee-3\/\" target=\"_blank\">\n\t\t\t\t\t\t\t<img fetchpriority=\"high\" decoding=\"async\" width=\"626\" height=\"626\" src=\"https:\/\/www.implementandosgi.com\/sitiosplus\/wp-content\/uploads\/2024\/02\/86.webp\" class=\"attachment-large size-large wp-image-1536\" alt=\"\" srcset=\"https:\/\/www.implementandosgi.com\/sitiosplus\/wp-content\/uploads\/2024\/02\/86.webp 626w, https:\/\/www.implementandosgi.com\/sitiosplus\/wp-content\/uploads\/2024\/02\/86-300x300.webp 300w, https:\/\/www.implementandosgi.com\/sitiosplus\/wp-content\/uploads\/2024\/02\/86-150x150.webp 150w\" sizes=\"(max-width: 626px) 100vw, 626px\" \/>\t\t\t\t\t\t\t\t<\/a>\n\t\t\t\t\t\t\t\t\t\t\t\t\t\t\t<\/div>\n\t\t\t\t<\/div>\n\t\t\t\t<div class=\"elementor-element elementor-element-2fa7a31 elementor-widget elementor-widget-text-editor\" data-id=\"2fa7a31\" data-element_type=\"widget\" data-e-type=\"widget\" data-widget_type=\"text-editor.default\">\n\t\t\t\t<div class=\"elementor-widget-container\">\n\t\t\t\t\t\t\t\t\t<p>Curso: Residuos de aparatos el\u00e9ctricos y electr\u00f3nicos &#8211; RAEE<\/p>\t\t\t\t\t\t\t\t<\/div>\n\t\t\t\t<\/div>\n\t\t\t\t\t<\/div>\n\t\t<\/div>\n\t\t\t\t<div class=\"elementor-column elementor-col-25 elementor-top-column elementor-element elementor-element-fc71132\" data-id=\"fc71132\" data-element_type=\"column\" data-e-type=\"column\">\n\t\t\t<div class=\"elementor-widget-wrap elementor-element-populated\">\n\t\t\t\t\t\t<div class=\"elementor-element elementor-element-82a174a elementor-widget elementor-widget-image\" data-id=\"82a174a\" data-element_type=\"widget\" data-e-type=\"widget\" data-widget_type=\"image.default\">\n\t\t\t\t<div class=\"elementor-widget-container\">\n\t\t\t\t\t\t\t\t\t\t\t\t\t\t\t\t<a href=\"https:\/\/tienda.atcalsas.com\/producto\/residuos\/\" target=\"_blank\">\n\t\t\t\t\t\t\t<img decoding=\"async\" width=\"626\" height=\"626\" src=\"https:\/\/www.implementandosgi.com\/sitiosplus\/wp-content\/uploads\/2024\/02\/59.webp\" class=\"attachment-large size-large wp-image-1537\" alt=\"\" srcset=\"https:\/\/www.implementandosgi.com\/sitiosplus\/wp-content\/uploads\/2024\/02\/59.webp 626w, https:\/\/www.implementandosgi.com\/sitiosplus\/wp-content\/uploads\/2024\/02\/59-300x300.webp 300w, https:\/\/www.implementandosgi.com\/sitiosplus\/wp-content\/uploads\/2024\/02\/59-150x150.webp 150w\" sizes=\"(max-width: 626px) 100vw, 626px\" \/>\t\t\t\t\t\t\t\t<\/a>\n\t\t\t\t\t\t\t\t\t\t\t\t\t\t\t<\/div>\n\t\t\t\t<\/div>\n\t\t\t\t<div class=\"elementor-element elementor-element-f538c71 elementor-widget elementor-widget-text-editor\" data-id=\"f538c71\" data-element_type=\"widget\" data-e-type=\"widget\" data-widget_type=\"text-editor.default\">\n\t\t\t\t<div class=\"elementor-widget-container\">\n\t\t\t\t\t\t\t\t\t<p>Curso: Gesti\u00f3n integral de residuos<\/p>\t\t\t\t\t\t\t\t<\/div>\n\t\t\t\t<\/div>\n\t\t\t\t\t<\/div>\n\t\t<\/div>\n\t\t\t\t<div class=\"elementor-column elementor-col-25 elementor-top-column elementor-element elementor-element-fa0eb31\" data-id=\"fa0eb31\" data-element_type=\"column\" data-e-type=\"column\">\n\t\t\t<div class=\"elementor-widget-wrap elementor-element-populated\">\n\t\t\t\t\t\t<div class=\"elementor-element elementor-element-86df2b1 elementor-widget elementor-widget-image\" data-id=\"86df2b1\" data-element_type=\"widget\" data-e-type=\"widget\" data-widget_type=\"image.default\">\n\t\t\t\t<div class=\"elementor-widget-container\">\n\t\t\t\t\t\t\t\t\t\t\t\t\t\t\t\t<a href=\"https:\/\/tienda.atcalsas.com\/producto\/residuos-peligrosos-3\/\" target=\"_blank\">\n\t\t\t\t\t\t\t<img decoding=\"async\" width=\"626\" height=\"626\" src=\"https:\/\/www.implementandosgi.com\/sitiosplus\/wp-content\/uploads\/2024\/02\/60.webp\" class=\"attachment-large size-large wp-image-1538\" alt=\"\" srcset=\"https:\/\/www.implementandosgi.com\/sitiosplus\/wp-content\/uploads\/2024\/02\/60.webp 626w, https:\/\/www.implementandosgi.com\/sitiosplus\/wp-content\/uploads\/2024\/02\/60-300x300.webp 300w, https:\/\/www.implementandosgi.com\/sitiosplus\/wp-content\/uploads\/2024\/02\/60-150x150.webp 150w\" sizes=\"(max-width: 626px) 100vw, 626px\" \/>\t\t\t\t\t\t\t\t<\/a>\n\t\t\t\t\t\t\t\t\t\t\t\t\t\t\t<\/div>\n\t\t\t\t<\/div>\n\t\t\t\t<div class=\"elementor-element elementor-element-2ca3f0a elementor-widget elementor-widget-text-editor\" data-id=\"2ca3f0a\" data-element_type=\"widget\" data-e-type=\"widget\" data-widget_type=\"text-editor.default\">\n\t\t\t\t<div class=\"elementor-widget-container\">\n\t\t\t\t\t\t\t\t\t<p>Curso \u00c1gil: Residuos peligrosos<\/p>\t\t\t\t\t\t\t\t<\/div>\n\t\t\t\t<\/div>\n\t\t\t\t\t<\/div>\n\t\t<\/div>\n\t\t\t\t<div class=\"elementor-column elementor-col-25 elementor-top-column elementor-element elementor-element-059fdf5\" data-id=\"059fdf5\" data-element_type=\"column\" data-e-type=\"column\">\n\t\t\t<div class=\"elementor-widget-wrap elementor-element-populated\">\n\t\t\t\t\t\t<div class=\"elementor-element elementor-element-fb949fa elementor-widget elementor-widget-image\" data-id=\"fb949fa\" data-element_type=\"widget\" data-e-type=\"widget\" data-widget_type=\"image.default\">\n\t\t\t\t<div class=\"elementor-widget-container\">\n\t\t\t\t\t\t\t\t\t\t\t\t\t\t\t\t<a href=\"https:\/\/tienda.atcalsas.com\/producto\/gestion-integral-de-residuos-peligrosos-3\/\" target=\"_blank\">\n\t\t\t\t\t\t\t<img loading=\"lazy\" decoding=\"async\" width=\"300\" height=\"300\" src=\"https:\/\/www.implementandosgi.com\/sitiosplus\/wp-content\/uploads\/2024\/02\/51.webp\" class=\"attachment-large size-large wp-image-1539\" alt=\"\" srcset=\"https:\/\/www.implementandosgi.com\/sitiosplus\/wp-content\/uploads\/2024\/02\/51.webp 300w, https:\/\/www.implementandosgi.com\/sitiosplus\/wp-content\/uploads\/2024\/02\/51-150x150.webp 150w\" sizes=\"(max-width: 300px) 100vw, 300px\" \/>\t\t\t\t\t\t\t\t<\/a>\n\t\t\t\t\t\t\t\t\t\t\t\t\t\t\t<\/div>\n\t\t\t\t<\/div>\n\t\t\t\t<div class=\"elementor-element elementor-element-5746295 elementor-widget elementor-widget-text-editor\" data-id=\"5746295\" data-element_type=\"widget\" data-e-type=\"widget\" data-widget_type=\"text-editor.default\">\n\t\t\t\t<div class=\"elementor-widget-container\">\n\t\t\t\t\t\t\t\t\t<p>Curso \u00c1gil: Gesti\u00f3n integral de residuos peligrosos<\/p>\t\t\t\t\t\t\t\t<\/div>\n\t\t\t\t<\/div>\n\t\t\t\t\t<\/div>\n\t\t<\/div>\n\t\t\t\t\t<\/div>\n\t\t<\/section>\n\t\t\t\t<section class=\"elementor-section elementor-top-section elementor-element elementor-element-e61dc37 elementor-section-boxed elementor-section-height-default elementor-section-height-default\" data-id=\"e61dc37\" data-element_type=\"section\" data-e-type=\"section\">\n\t\t\t\t\t\t<div class=\"elementor-container elementor-column-gap-default\">\n\t\t\t\t\t<div class=\"elementor-column elementor-col-25 elementor-top-column elementor-element elementor-element-93e101e\" data-id=\"93e101e\" data-element_type=\"column\" data-e-type=\"column\">\n\t\t\t<div class=\"elementor-widget-wrap elementor-element-populated\">\n\t\t\t\t\t\t<div class=\"elementor-element elementor-element-2f4d02b elementor-widget elementor-widget-image\" data-id=\"2f4d02b\" data-element_type=\"widget\" data-e-type=\"widget\" data-widget_type=\"image.default\">\n\t\t\t\t<div class=\"elementor-widget-container\">\n\t\t\t\t\t\t\t\t\t\t\t\t\t\t\t\t<a href=\"https:\/\/tienda.atcalsas.com\/producto\/manejo-residuos-de-construccion-y-demolicion-3\/\" target=\"_blank\">\n\t\t\t\t\t\t\t<img loading=\"lazy\" decoding=\"async\" width=\"626\" height=\"626\" src=\"https:\/\/www.implementandosgi.com\/sitiosplus\/wp-content\/uploads\/2024\/02\/50.webp\" class=\"attachment-large size-large wp-image-1540\" alt=\"\" srcset=\"https:\/\/www.implementandosgi.com\/sitiosplus\/wp-content\/uploads\/2024\/02\/50.webp 626w, https:\/\/www.implementandosgi.com\/sitiosplus\/wp-content\/uploads\/2024\/02\/50-300x300.webp 300w, https:\/\/www.implementandosgi.com\/sitiosplus\/wp-content\/uploads\/2024\/02\/50-150x150.webp 150w\" sizes=\"(max-width: 626px) 100vw, 626px\" \/>\t\t\t\t\t\t\t\t<\/a>\n\t\t\t\t\t\t\t\t\t\t\t\t\t\t\t<\/div>\n\t\t\t\t<\/div>\n\t\t\t\t<div class=\"elementor-element elementor-element-b0951e1 elementor-widget elementor-widget-text-editor\" data-id=\"b0951e1\" data-element_type=\"widget\" data-e-type=\"widget\" data-widget_type=\"text-editor.default\">\n\t\t\t\t<div class=\"elementor-widget-container\">\n\t\t\t\t\t\t\t\t\t<p>Curso \u00c1gil: Manejo de residuos de construcci\u00f3n y demolici\u00f3n<\/p>\t\t\t\t\t\t\t\t<\/div>\n\t\t\t\t<\/div>\n\t\t\t\t\t<\/div>\n\t\t<\/div>\n\t\t\t\t<div class=\"elementor-column elementor-col-25 elementor-top-column elementor-element elementor-element-9ffb120\" data-id=\"9ffb120\" data-element_type=\"column\" data-e-type=\"column\">\n\t\t\t<div class=\"elementor-widget-wrap elementor-element-populated\">\n\t\t\t\t\t\t<div class=\"elementor-element elementor-element-e982d98 elementor-widget elementor-widget-image\" data-id=\"e982d98\" data-element_type=\"widget\" data-e-type=\"widget\" data-widget_type=\"image.default\">\n\t\t\t\t<div class=\"elementor-widget-container\">\n\t\t\t\t\t\t\t\t\t\t\t\t\t\t\t\t<a href=\"https:\/\/tienda.atcalsas.com\/producto\/manejo-residuos-hospitalarios-3\/\" target=\"_blank\">\n\t\t\t\t\t\t\t<img loading=\"lazy\" decoding=\"async\" width=\"626\" height=\"626\" src=\"https:\/\/www.implementandosgi.com\/sitiosplus\/wp-content\/uploads\/2024\/02\/47.webp\" class=\"attachment-large size-large wp-image-1541\" alt=\"\" srcset=\"https:\/\/www.implementandosgi.com\/sitiosplus\/wp-content\/uploads\/2024\/02\/47.webp 626w, https:\/\/www.implementandosgi.com\/sitiosplus\/wp-content\/uploads\/2024\/02\/47-300x300.webp 300w, https:\/\/www.implementandosgi.com\/sitiosplus\/wp-content\/uploads\/2024\/02\/47-150x150.webp 150w\" sizes=\"(max-width: 626px) 100vw, 626px\" \/>\t\t\t\t\t\t\t\t<\/a>\n\t\t\t\t\t\t\t\t\t\t\t\t\t\t\t<\/div>\n\t\t\t\t<\/div>\n\t\t\t\t<div class=\"elementor-element elementor-element-7ffbca1 elementor-widget elementor-widget-text-editor\" data-id=\"7ffbca1\" data-element_type=\"widget\" data-e-type=\"widget\" data-widget_type=\"text-editor.default\">\n\t\t\t\t<div class=\"elementor-widget-container\">\n\t\t\t\t\t\t\t\t\t<p>Curso \u00c1gil: Manejo de residuos hospitalarios<\/p>\t\t\t\t\t\t\t\t<\/div>\n\t\t\t\t<\/div>\n\t\t\t\t\t<\/div>\n\t\t<\/div>\n\t\t\t\t<div class=\"elementor-column elementor-col-25 elementor-top-column elementor-element elementor-element-96ebb60\" data-id=\"96ebb60\" data-element_type=\"column\" data-e-type=\"column\">\n\t\t\t<div class=\"elementor-widget-wrap elementor-element-populated\">\n\t\t\t\t\t\t<div class=\"elementor-element elementor-element-86e4da2 elementor-widget elementor-widget-image\" data-id=\"86e4da2\" data-element_type=\"widget\" data-e-type=\"widget\" data-widget_type=\"image.default\">\n\t\t\t\t<div class=\"elementor-widget-container\">\n\t\t\t\t\t\t\t\t\t\t\t\t\t\t\t\t<a href=\"https:\/\/tienda.atcalsas.com\/producto\/manejo-de-residuos-radioactivos-3\/\" target=\"_blank\">\n\t\t\t\t\t\t\t<img loading=\"lazy\" decoding=\"async\" width=\"626\" height=\"626\" src=\"https:\/\/www.implementandosgi.com\/sitiosplus\/wp-content\/uploads\/2024\/02\/46.webp\" class=\"attachment-large size-large wp-image-1551\" alt=\"\" srcset=\"https:\/\/www.implementandosgi.com\/sitiosplus\/wp-content\/uploads\/2024\/02\/46.webp 626w, https:\/\/www.implementandosgi.com\/sitiosplus\/wp-content\/uploads\/2024\/02\/46-300x300.webp 300w, https:\/\/www.implementandosgi.com\/sitiosplus\/wp-content\/uploads\/2024\/02\/46-150x150.webp 150w\" sizes=\"(max-width: 626px) 100vw, 626px\" \/>\t\t\t\t\t\t\t\t<\/a>\n\t\t\t\t\t\t\t\t\t\t\t\t\t\t\t<\/div>\n\t\t\t\t<\/div>\n\t\t\t\t<div class=\"elementor-element elementor-element-936f634 elementor-widget elementor-widget-text-editor\" data-id=\"936f634\" data-element_type=\"widget\" data-e-type=\"widget\" data-widget_type=\"text-editor.default\">\n\t\t\t\t<div class=\"elementor-widget-container\">\n\t\t\t\t\t\t\t\t\t<p>Curso \u00c1gil: Manejo de residuos radioactivos<\/p>\t\t\t\t\t\t\t\t<\/div>\n\t\t\t\t<\/div>\n\t\t\t\t\t<\/div>\n\t\t<\/div>\n\t\t\t\t<div class=\"elementor-column elementor-col-25 elementor-top-column elementor-element elementor-element-f26ce08\" data-id=\"f26ce08\" data-element_type=\"column\" data-e-type=\"column\">\n\t\t\t<div class=\"elementor-widget-wrap\">\n\t\t\t\t\t\t\t<\/div>\n\t\t<\/div>\n\t\t\t\t\t<\/div>\n\t\t<\/section>\n\t\t\t\t<\/div>\n\t\t","protected":false},"excerpt":{"rendered":"<p>Productos Curso: Residuos de aparatos el\u251c\u00aectricos y electr\u251c\u2502nicos &#8211; RAEE Curso: Gesti\u251c\u2502n integral de residuos Curso \u251c\u00fcgil: Residuos peligrosos Curso \u251c\u00fcgil: Gesti\u251c\u2502n integral de residuos peligrosos Curso \u251c\u00fcgil: Manejo de residuos de construcci\u251c\u2502n y demolici\u251c\u2502n Curso \u251c\u00fcgil: Manejo de residuos hospitalarios Curso \u251c\u00fcgil: Manejo de residuos radioactivos<\/p>\n","protected":false},"author":1,"featured_media":0,"parent":0,"menu_order":0,"comment_status":"closed","ping_status":"closed","template":"","meta":{"site-sidebar-layout":"no-sidebar","site-content-layout":"page-builder","ast-site-content-layout":"full-width-container","site-content-style":"default","site-sidebar-style":"default","ast-global-header-display":"","ast-banner-title-visibility":"","ast-main-header-display":"","ast-hfb-above-header-display":"","ast-hfb-below-header-display":"","ast-hfb-mobile-header-display":"","site-post-title":"disabled","ast-breadcrumbs-content":"","ast-featured-img":"disabled","footer-sml-layout":"","ast-disable-related-posts":"","theme-transparent-header-meta":"","adv-header-id-meta":"","stick-header-meta":"","header-above-stick-meta":"","header-main-stick-meta":"","header-below-stick-meta":"","astra-migrate-meta-layouts":"set","ast-page-background-enabled":"default","ast-page-background-meta":{"desktop":{"background-color":"var(--ast-global-color-5)","background-image":"","background-repeat":"repeat","background-position":"center center","background-size":"auto","background-attachment":"scroll","background-type":"","background-media":"","overlay-type":"","overlay-color":"","overlay-opacity":"","overlay-gradient":""},"tablet":{"background-color":"","background-image":"","background-repeat":"repeat","background-position":"center center","background-size":"auto","background-attachment":"scroll","background-type":"","background-media":"","overlay-type":"","overlay-color":"","overlay-opacity":"","overlay-gradient":""},"mobile":{"background-color":"","background-image":"","background-repeat":"repeat","background-position":"center center","background-size":"auto","background-attachment":"scroll","background-type":"","background-media":"","overlay-type":"","overlay-color":"","overlay-opacity":"","overlay-gradient":""}},"ast-content-background-meta":{"desktop":{"background-color":"var(--ast-global-color-4)","background-image":"","background-repeat":"repeat","background-position":"center center","background-size":"auto","background-attachment":"scroll","background-type":"","background-media":"","overlay-type":"","overlay-color":"","overlay-opacity":"","overlay-gradient":""},"tablet":{"background-color":"var(--ast-global-color-4)","background-image":"","background-repeat":"repeat","background-position":"center center","background-size":"auto","background-attachment":"scroll","background-type":"","background-media":"","overlay-type":"","overlay-color":"","overlay-opacity":"","overlay-gradient":""},"mobile":{"background-color":"var(--ast-global-color-4)","background-image":"","background-repeat":"repeat","background-position":"center center","background-size":"auto","background-attachment":"scroll","background-type":"","background-media":"","overlay-type":"","overlay-color":"","overlay-opacity":"","overlay-gradient":""}},"footnotes":""},"class_list":["post-1534","page","type-page","status-publish","hentry"],"_links":{"self":[{"href":"https:\/\/www.implementandosgi.com\/sitiosplus\/wp-json\/wp\/v2\/pages\/1534","targetHints":{"allow":["GET"]}}],"collection":[{"href":"https:\/\/www.implementandosgi.com\/sitiosplus\/wp-json\/wp\/v2\/pages"}],"about":[{"href":"https:\/\/www.implementandosgi.com\/sitiosplus\/wp-json\/wp\/v2\/types\/page"}],"author":[{"embeddable":true,"href":"https:\/\/www.implementandosgi.com\/sitiosplus\/wp-json\/wp\/v2\/users\/1"}],"replies":[{"embeddable":true,"href":"https:\/\/www.implementandosgi.com\/sitiosplus\/wp-json\/wp\/v2\/comments?post=1534"}],"version-history":[{"count":10,"href":"https:\/\/www.implementandosgi.com\/sitiosplus\/wp-json\/wp\/v2\/pages\/1534\/revisions"}],"predecessor-version":[{"id":1554,"href":"https:\/\/www.implementandosgi.com\/sitiosplus\/wp-json\/wp\/v2\/pages\/1534\/revisions\/1554"}],"wp:attachment":[{"href":"https:\/\/www.implementandosgi.com\/sitiosplus\/wp-json\/wp\/v2\/media?parent=1534"}],"curies":[{"name":"wp","href":"https:\/\/api.w.org\/{rel}","templated":true}]}}