{"id":936,"date":"2024-01-26T18:09:56","date_gmt":"2024-01-26T18:09:56","guid":{"rendered":"https:\/\/www.implementandosgi.com\/sitiosplus\/?page_id=936"},"modified":"2024-01-26T21:31:28","modified_gmt":"2024-01-26T21:31:28","slug":"articulosap","status":"publish","type":"page","link":"https:\/\/www.implementandosgi.com\/sitiosplus\/articulosap\/","title":{"rendered":"Articulos analisis de procesos"},"content":{"rendered":"\t\t<div data-elementor-type=\"wp-page\" data-elementor-id=\"936\" class=\"elementor elementor-936\" data-elementor-post-type=\"page\">\n\t\t\t\t\t\t<section class=\"elementor-section elementor-top-section elementor-element elementor-element-d7d5029 elementor-section-boxed elementor-section-height-default elementor-section-height-default\" data-id=\"d7d5029\" data-element_type=\"section\" data-settings=\"{&quot;background_background&quot;:&quot;classic&quot;}\">\n\t\t\t\t\t\t\t<div class=\"elementor-background-overlay\"><\/div>\n\t\t\t\t\t\t\t<div class=\"elementor-container elementor-column-gap-default\">\n\t\t\t\t\t<div class=\"elementor-column elementor-col-100 elementor-top-column elementor-element elementor-element-87663fd\" data-id=\"87663fd\" data-element_type=\"column\">\n\t\t\t<div class=\"elementor-widget-wrap elementor-element-populated\">\n\t\t\t\t\t\t<div class=\"elementor-element elementor-element-eaf9597 elementor-widget elementor-widget-heading\" data-id=\"eaf9597\" data-element_type=\"widget\" data-widget_type=\"heading.default\">\n\t\t\t\t<div class=\"elementor-widget-container\">\n\t\t\t<style>\/*! elementor - v3.23.0 - 05-08-2024 *\/\n.elementor-heading-title{padding:0;margin:0;line-height:1}.elementor-widget-heading .elementor-heading-title[class*=elementor-size-]>a{color:inherit;font-size:inherit;line-height:inherit}.elementor-widget-heading .elementor-heading-title.elementor-size-small{font-size:15px}.elementor-widget-heading .elementor-heading-title.elementor-size-medium{font-size:19px}.elementor-widget-heading .elementor-heading-title.elementor-size-large{font-size:29px}.elementor-widget-heading .elementor-heading-title.elementor-size-xl{font-size:39px}.elementor-widget-heading .elementor-heading-title.elementor-size-xxl{font-size:59px}<\/style><h1 class=\"elementor-heading-title elementor-size-default\">ARTICULOS<\/h1>\t\t<\/div>\n\t\t\t\t<\/div>\n\t\t\t\t\t<\/div>\n\t\t<\/div>\n\t\t\t\t\t<\/div>\n\t\t<\/section>\n\t\t\t\t<section class=\"elementor-section elementor-top-section elementor-element elementor-element-043b914 elementor-section-boxed elementor-section-height-default elementor-section-height-default\" data-id=\"043b914\" data-element_type=\"section\">\n\t\t\t\t\t\t<div class=\"elementor-container elementor-column-gap-default\">\n\t\t\t\t\t<div class=\"elementor-column elementor-col-33 elementor-top-column elementor-element elementor-element-7915b26\" data-id=\"7915b26\" data-element_type=\"column\">\n\t\t\t<div class=\"elementor-widget-wrap elementor-element-populated\">\n\t\t\t\t\t\t<div class=\"elementor-element elementor-element-6c781c2 elementor-widget elementor-widget-image\" data-id=\"6c781c2\" data-element_type=\"widget\" data-widget_type=\"image.default\">\n\t\t\t\t<div class=\"elementor-widget-container\">\n\t\t\t<style>\/*! elementor - v3.23.0 - 05-08-2024 *\/\n.elementor-widget-image{text-align:center}.elementor-widget-image a{display:inline-block}.elementor-widget-image a img[src$=\".svg\"]{width:48px}.elementor-widget-image img{vertical-align:middle;display:inline-block}<\/style>\t\t\t\t\t\t\t\t\t\t\t<a href=\"https:\/\/www.implementandosgi.com\/deio\/casos-empresariales-en-el-analisis-de-procesos\/\" target=\"_blank\">\n\t\t\t\t\t\t\t<img fetchpriority=\"high\" decoding=\"async\" width=\"1024\" height=\"576\" src=\"https:\/\/www.implementandosgi.com\/sitiosplus\/wp-content\/uploads\/2024\/01\/imagen-1-1.webp\" class=\"attachment-large size-large wp-image-945\" alt=\"\" srcset=\"https:\/\/www.implementandosgi.com\/sitiosplus\/wp-content\/uploads\/2024\/01\/imagen-1-1.webp 1024w, https:\/\/www.implementandosgi.com\/sitiosplus\/wp-content\/uploads\/2024\/01\/imagen-1-1-300x169.webp 300w, https:\/\/www.implementandosgi.com\/sitiosplus\/wp-content\/uploads\/2024\/01\/imagen-1-1-768x432.webp 768w\" sizes=\"(max-width: 1024px) 100vw, 1024px\" \/>\t\t\t\t\t\t\t\t<\/a>\n\t\t\t\t\t\t\t\t\t\t\t\t\t<\/div>\n\t\t\t\t<\/div>\n\t\t\t\t<div class=\"elementor-element elementor-element-7c5076d elementor-widget elementor-widget-text-editor\" data-id=\"7c5076d\" data-element_type=\"widget\" data-widget_type=\"text-editor.default\">\n\t\t\t\t<div class=\"elementor-widget-container\">\n\t\t\t<style>\/*! elementor - v3.23.0 - 05-08-2024 *\/\n.elementor-widget-text-editor.elementor-drop-cap-view-stacked .elementor-drop-cap{background-color:#69727d;color:#fff}.elementor-widget-text-editor.elementor-drop-cap-view-framed .elementor-drop-cap{color:#69727d;border:3px solid;background-color:transparent}.elementor-widget-text-editor:not(.elementor-drop-cap-view-default) .elementor-drop-cap{margin-top:8px}.elementor-widget-text-editor:not(.elementor-drop-cap-view-default) .elementor-drop-cap-letter{width:1em;height:1em}.elementor-widget-text-editor .elementor-drop-cap{float:left;text-align:center;line-height:1;font-size:50px}.elementor-widget-text-editor .elementor-drop-cap-letter{display:inline-block}<\/style>\t\t\t\t<p>Casos empresariales en el an\u00e1lisis de procesos<\/p>\t\t\t\t\t\t<\/div>\n\t\t\t\t<\/div>\n\t\t\t\t\t<\/div>\n\t\t<\/div>\n\t\t\t\t<div class=\"elementor-column elementor-col-33 elementor-top-column elementor-element elementor-element-a7b4c16\" data-id=\"a7b4c16\" data-element_type=\"column\">\n\t\t\t<div class=\"elementor-widget-wrap elementor-element-populated\">\n\t\t\t\t\t\t<div class=\"elementor-element elementor-element-f34a2a5 elementor-widget elementor-widget-image\" data-id=\"f34a2a5\" data-element_type=\"widget\" data-widget_type=\"image.default\">\n\t\t\t\t<div class=\"elementor-widget-container\">\n\t\t\t\t\t\t\t\t\t\t\t\t\t\t<a href=\"https:\/\/www.implementandosgi.com\/deio\/guia-para-el-analisis-de-procesos\/\" target=\"_blank\">\n\t\t\t\t\t\t\t<img decoding=\"async\" width=\"1024\" height=\"576\" src=\"https:\/\/www.implementandosgi.com\/sitiosplus\/wp-content\/uploads\/2024\/01\/imagen-2-1.webp\" class=\"attachment-large size-large wp-image-947\" alt=\"\" srcset=\"https:\/\/www.implementandosgi.com\/sitiosplus\/wp-content\/uploads\/2024\/01\/imagen-2-1.webp 1024w, https:\/\/www.implementandosgi.com\/sitiosplus\/wp-content\/uploads\/2024\/01\/imagen-2-1-300x169.webp 300w, https:\/\/www.implementandosgi.com\/sitiosplus\/wp-content\/uploads\/2024\/01\/imagen-2-1-768x432.webp 768w\" sizes=\"(max-width: 1024px) 100vw, 1024px\" \/>\t\t\t\t\t\t\t\t<\/a>\n\t\t\t\t\t\t\t\t\t\t\t\t\t<\/div>\n\t\t\t\t<\/div>\n\t\t\t\t<div class=\"elementor-element elementor-element-247848e elementor-widget elementor-widget-text-editor\" data-id=\"247848e\" data-element_type=\"widget\" data-widget_type=\"text-editor.default\">\n\t\t\t\t<div class=\"elementor-widget-container\">\n\t\t\t\t\t\t\t<p>Gu\u00eda para el anpalisis de proceso<\/p>\t\t\t\t\t\t<\/div>\n\t\t\t\t<\/div>\n\t\t\t\t\t<\/div>\n\t\t<\/div>\n\t\t\t\t<div class=\"elementor-column elementor-col-33 elementor-top-column elementor-element elementor-element-15ebb18\" data-id=\"15ebb18\" data-element_type=\"column\">\n\t\t\t<div class=\"elementor-widget-wrap elementor-element-populated\">\n\t\t\t\t\t\t<div class=\"elementor-element elementor-element-67c8cca elementor-widget elementor-widget-image\" data-id=\"67c8cca\" data-element_type=\"widget\" data-widget_type=\"image.default\">\n\t\t\t\t<div class=\"elementor-widget-container\">\n\t\t\t\t\t\t\t\t\t\t\t\t\t\t<a href=\"https:\/\/www.implementandosgi.com\/deio\/importancia-evolucion-y-exigencias-del-analisis-de-procesos\/\" target=\"_blank\">\n\t\t\t\t\t\t\t<img decoding=\"async\" width=\"1024\" height=\"576\" src=\"https:\/\/www.implementandosgi.com\/sitiosplus\/wp-content\/uploads\/2024\/01\/imagen-3-1.webp\" class=\"attachment-large size-large wp-image-948\" alt=\"\" srcset=\"https:\/\/www.implementandosgi.com\/sitiosplus\/wp-content\/uploads\/2024\/01\/imagen-3-1.webp 1024w, https:\/\/www.implementandosgi.com\/sitiosplus\/wp-content\/uploads\/2024\/01\/imagen-3-1-300x169.webp 300w, https:\/\/www.implementandosgi.com\/sitiosplus\/wp-content\/uploads\/2024\/01\/imagen-3-1-768x432.webp 768w\" sizes=\"(max-width: 1024px) 100vw, 1024px\" \/>\t\t\t\t\t\t\t\t<\/a>\n\t\t\t\t\t\t\t\t\t\t\t\t\t<\/div>\n\t\t\t\t<\/div>\n\t\t\t\t<div class=\"elementor-element elementor-element-525e004 elementor-widget elementor-widget-text-editor\" data-id=\"525e004\" data-element_type=\"widget\" data-widget_type=\"text-editor.default\">\n\t\t\t\t<div class=\"elementor-widget-container\">\n\t\t\t\t\t\t\t<p>Importancia, evoluci\u00f3n y exigencias del an\u00e1lisis de procesos<\/p>\t\t\t\t\t\t<\/div>\n\t\t\t\t<\/div>\n\t\t\t\t\t<\/div>\n\t\t<\/div>\n\t\t\t\t\t<\/div>\n\t\t<\/section>\n\t\t\t\t<section class=\"elementor-section elementor-top-section elementor-element elementor-element-5eb27a0 elementor-section-boxed elementor-section-height-default elementor-section-height-default\" data-id=\"5eb27a0\" data-element_type=\"section\">\n\t\t\t\t\t\t<div class=\"elementor-container elementor-column-gap-default\">\n\t\t\t\t\t<div class=\"elementor-column elementor-col-33 elementor-top-column elementor-element elementor-element-e88c7d7\" data-id=\"e88c7d7\" data-element_type=\"column\">\n\t\t\t<div class=\"elementor-widget-wrap elementor-element-populated\">\n\t\t\t\t\t\t<div class=\"elementor-element elementor-element-b443cc0 elementor-widget elementor-widget-image\" data-id=\"b443cc0\" data-element_type=\"widget\" data-widget_type=\"image.default\">\n\t\t\t\t<div class=\"elementor-widget-container\">\n\t\t\t\t\t\t\t\t\t\t\t\t\t\t<a href=\"https:\/\/www.implementandosgi.com\/deio\/lecciones-aprendidas-en-el-analisis-de-procesos\/\" target=\"_blank\">\n\t\t\t\t\t\t\t<img loading=\"lazy\" decoding=\"async\" width=\"1024\" height=\"576\" src=\"https:\/\/www.implementandosgi.com\/sitiosplus\/wp-content\/uploads\/2024\/01\/imagen-4-1.webp\" class=\"attachment-large size-large wp-image-949\" alt=\"\" srcset=\"https:\/\/www.implementandosgi.com\/sitiosplus\/wp-content\/uploads\/2024\/01\/imagen-4-1.webp 1024w, https:\/\/www.implementandosgi.com\/sitiosplus\/wp-content\/uploads\/2024\/01\/imagen-4-1-300x169.webp 300w, https:\/\/www.implementandosgi.com\/sitiosplus\/wp-content\/uploads\/2024\/01\/imagen-4-1-768x432.webp 768w\" sizes=\"(max-width: 1024px) 100vw, 1024px\" \/>\t\t\t\t\t\t\t\t<\/a>\n\t\t\t\t\t\t\t\t\t\t\t\t\t<\/div>\n\t\t\t\t<\/div>\n\t\t\t\t<div class=\"elementor-element elementor-element-6cc8806 elementor-widget elementor-widget-text-editor\" data-id=\"6cc8806\" data-element_type=\"widget\" data-widget_type=\"text-editor.default\">\n\t\t\t\t<div class=\"elementor-widget-container\">\n\t\t\t\t\t\t\t<p>Lecciones aprendidas en el an\u00e1lisis de procesos<\/p>\t\t\t\t\t\t<\/div>\n\t\t\t\t<\/div>\n\t\t\t\t\t<\/div>\n\t\t<\/div>\n\t\t\t\t<div class=\"elementor-column elementor-col-33 elementor-top-column elementor-element elementor-element-0fb3f1a\" data-id=\"0fb3f1a\" data-element_type=\"column\">\n\t\t\t<div class=\"elementor-widget-wrap elementor-element-populated\">\n\t\t\t\t\t\t<div class=\"elementor-element elementor-element-224a6c8 elementor-widget elementor-widget-image\" data-id=\"224a6c8\" data-element_type=\"widget\" data-widget_type=\"image.default\">\n\t\t\t\t<div class=\"elementor-widget-container\">\n\t\t\t\t\t\t\t\t\t\t\t\t\t\t<a href=\"https:\/\/www.implementandosgi.com\/deio\/mitos-del-analisis-de-procesos-2\/\" target=\"_blank\">\n\t\t\t\t\t\t\t<img loading=\"lazy\" decoding=\"async\" width=\"1024\" height=\"576\" src=\"https:\/\/www.implementandosgi.com\/sitiosplus\/wp-content\/uploads\/2024\/01\/imagen-5-1.webp\" class=\"attachment-large size-large wp-image-950\" alt=\"\" srcset=\"https:\/\/www.implementandosgi.com\/sitiosplus\/wp-content\/uploads\/2024\/01\/imagen-5-1.webp 1024w, https:\/\/www.implementandosgi.com\/sitiosplus\/wp-content\/uploads\/2024\/01\/imagen-5-1-300x169.webp 300w, https:\/\/www.implementandosgi.com\/sitiosplus\/wp-content\/uploads\/2024\/01\/imagen-5-1-768x432.webp 768w\" sizes=\"(max-width: 1024px) 100vw, 1024px\" \/>\t\t\t\t\t\t\t\t<\/a>\n\t\t\t\t\t\t\t\t\t\t\t\t\t<\/div>\n\t\t\t\t<\/div>\n\t\t\t\t<div class=\"elementor-element elementor-element-b2578d3 elementor-widget elementor-widget-text-editor\" data-id=\"b2578d3\" data-element_type=\"widget\" data-widget_type=\"text-editor.default\">\n\t\t\t\t<div class=\"elementor-widget-container\">\n\t\t\t\t\t\t\t<p>9 mitos del an\u00e1lisis de procesos<\/p>\t\t\t\t\t\t<\/div>\n\t\t\t\t<\/div>\n\t\t\t\t\t<\/div>\n\t\t<\/div>\n\t\t\t\t<div class=\"elementor-column elementor-col-33 elementor-top-column elementor-element elementor-element-691c15f\" data-id=\"691c15f\" data-element_type=\"column\">\n\t\t\t<div class=\"elementor-widget-wrap elementor-element-populated\">\n\t\t\t\t\t\t<div class=\"elementor-element elementor-element-2471d1f elementor-widget elementor-widget-image\" data-id=\"2471d1f\" data-element_type=\"widget\" data-widget_type=\"image.default\">\n\t\t\t\t<div class=\"elementor-widget-container\">\n\t\t\t\t\t\t\t\t\t\t\t\t\t\t<a href=\"https:\/\/www.implementandosgi.com\/deio\/problemas-en-el-analisis-de-procesos\/\" target=\"_blank\">\n\t\t\t\t\t\t\t<img loading=\"lazy\" decoding=\"async\" width=\"1024\" height=\"576\" src=\"https:\/\/www.implementandosgi.com\/sitiosplus\/wp-content\/uploads\/2024\/01\/imagen-6-1.webp\" class=\"attachment-large size-large wp-image-951\" alt=\"\" srcset=\"https:\/\/www.implementandosgi.com\/sitiosplus\/wp-content\/uploads\/2024\/01\/imagen-6-1.webp 1024w, https:\/\/www.implementandosgi.com\/sitiosplus\/wp-content\/uploads\/2024\/01\/imagen-6-1-300x169.webp 300w, https:\/\/www.implementandosgi.com\/sitiosplus\/wp-content\/uploads\/2024\/01\/imagen-6-1-768x432.webp 768w\" sizes=\"(max-width: 1024px) 100vw, 1024px\" \/>\t\t\t\t\t\t\t\t<\/a>\n\t\t\t\t\t\t\t\t\t\t\t\t\t<\/div>\n\t\t\t\t<\/div>\n\t\t\t\t<div class=\"elementor-element elementor-element-08f16c8 elementor-widget elementor-widget-text-editor\" data-id=\"08f16c8\" data-element_type=\"widget\" data-widget_type=\"text-editor.default\">\n\t\t\t\t<div class=\"elementor-widget-container\">\n\t\t\t\t\t\t\t<p>7 problemas en el an\u00e1lisis de procesos<\/p>\t\t\t\t\t\t<\/div>\n\t\t\t\t<\/div>\n\t\t\t\t\t<\/div>\n\t\t<\/div>\n\t\t\t\t\t<\/div>\n\t\t<\/section>\n\t\t\t\t<section class=\"elementor-section elementor-top-section elementor-element elementor-element-eeba9d4 elementor-section-boxed elementor-section-height-default elementor-section-height-default\" data-id=\"eeba9d4\" data-element_type=\"section\">\n\t\t\t\t\t\t<div class=\"elementor-container elementor-column-gap-default\">\n\t\t\t\t\t<div class=\"elementor-column elementor-col-33 elementor-top-column elementor-element elementor-element-2171cf3\" data-id=\"2171cf3\" data-element_type=\"column\">\n\t\t\t<div class=\"elementor-widget-wrap elementor-element-populated\">\n\t\t\t\t\t\t<div class=\"elementor-element elementor-element-3bde9de elementor-widget elementor-widget-image\" data-id=\"3bde9de\" data-element_type=\"widget\" data-widget_type=\"image.default\">\n\t\t\t\t<div class=\"elementor-widget-container\">\n\t\t\t\t\t\t\t\t\t\t\t\t\t\t<a href=\"https:\/\/www.implementandosgi.com\/deio\/riesgos-en-el-analisis-de-procesos\/\" target=\"_blank\">\n\t\t\t\t\t\t\t<img loading=\"lazy\" decoding=\"async\" width=\"1024\" height=\"576\" src=\"https:\/\/www.implementandosgi.com\/sitiosplus\/wp-content\/uploads\/2024\/01\/imagen-7-1.webp\" class=\"attachment-large size-large wp-image-952\" alt=\"\" srcset=\"https:\/\/www.implementandosgi.com\/sitiosplus\/wp-content\/uploads\/2024\/01\/imagen-7-1.webp 1024w, https:\/\/www.implementandosgi.com\/sitiosplus\/wp-content\/uploads\/2024\/01\/imagen-7-1-300x169.webp 300w, https:\/\/www.implementandosgi.com\/sitiosplus\/wp-content\/uploads\/2024\/01\/imagen-7-1-768x432.webp 768w\" sizes=\"(max-width: 1024px) 100vw, 1024px\" \/>\t\t\t\t\t\t\t\t<\/a>\n\t\t\t\t\t\t\t\t\t\t\t\t\t<\/div>\n\t\t\t\t<\/div>\n\t\t\t\t<div class=\"elementor-element elementor-element-741cc8d elementor-widget elementor-widget-text-editor\" data-id=\"741cc8d\" data-element_type=\"widget\" data-widget_type=\"text-editor.default\">\n\t\t\t\t<div class=\"elementor-widget-container\">\n\t\t\t\t\t\t\t<p>Riesgos en el an\u00e1lisis de procesos<\/p>\t\t\t\t\t\t<\/div>\n\t\t\t\t<\/div>\n\t\t\t\t\t<\/div>\n\t\t<\/div>\n\t\t\t\t<div class=\"elementor-column elementor-col-33 elementor-top-column elementor-element elementor-element-1a5c66a\" data-id=\"1a5c66a\" data-element_type=\"column\">\n\t\t\t<div class=\"elementor-widget-wrap elementor-element-populated\">\n\t\t\t\t\t\t<div class=\"elementor-element elementor-element-215dc29 elementor-widget elementor-widget-image\" data-id=\"215dc29\" data-element_type=\"widget\" data-widget_type=\"image.default\">\n\t\t\t\t<div class=\"elementor-widget-container\">\n\t\t\t\t\t\t\t\t\t\t\t\t\t\t<a href=\"https:\/\/www.implementandosgi.com\/deio\/claves-para-el-analisis-de-procesos\/\" target=\"_blank\">\n\t\t\t\t\t\t\t<img loading=\"lazy\" decoding=\"async\" width=\"1024\" height=\"576\" src=\"https:\/\/www.implementandosgi.com\/sitiosplus\/wp-content\/uploads\/2024\/01\/imagen-8-1024x576.webp\" class=\"attachment-large size-large wp-image-953\" alt=\"\" srcset=\"https:\/\/www.implementandosgi.com\/sitiosplus\/wp-content\/uploads\/2024\/01\/imagen-8-1024x576.webp 1024w, https:\/\/www.implementandosgi.com\/sitiosplus\/wp-content\/uploads\/2024\/01\/imagen-8-300x169.webp 300w, https:\/\/www.implementandosgi.com\/sitiosplus\/wp-content\/uploads\/2024\/01\/imagen-8-768x432.webp 768w, https:\/\/www.implementandosgi.com\/sitiosplus\/wp-content\/uploads\/2024\/01\/imagen-8.webp 1280w\" sizes=\"(max-width: 1024px) 100vw, 1024px\" \/>\t\t\t\t\t\t\t\t<\/a>\n\t\t\t\t\t\t\t\t\t\t\t\t\t<\/div>\n\t\t\t\t<\/div>\n\t\t\t\t<div class=\"elementor-element elementor-element-abf8a12 elementor-widget elementor-widget-text-editor\" data-id=\"abf8a12\" data-element_type=\"widget\" data-widget_type=\"text-editor.default\">\n\t\t\t\t<div class=\"elementor-widget-container\">\n\t\t\t\t\t\t\t<p>8 claves de exito para el an\u00e1lisis de procesos<\/p>\t\t\t\t\t\t<\/div>\n\t\t\t\t<\/div>\n\t\t\t\t\t<\/div>\n\t\t<\/div>\n\t\t\t\t<div class=\"elementor-column elementor-col-33 elementor-top-column elementor-element elementor-element-a6b3c05\" data-id=\"a6b3c05\" data-element_type=\"column\">\n\t\t\t<div class=\"elementor-widget-wrap elementor-element-populated\">\n\t\t\t\t\t\t<div class=\"elementor-element elementor-element-4bcc9c8 elementor-widget elementor-widget-image\" data-id=\"4bcc9c8\" data-element_type=\"widget\" data-widget_type=\"image.default\">\n\t\t\t\t<div class=\"elementor-widget-container\">\n\t\t\t\t\t\t\t\t\t\t\t\t\t\t<a href=\"https:\/\/www.implementandosgi.com\/deio\/caracterizacion-de-procesos\/\" target=\"_blank\">\n\t\t\t\t\t\t\t<img loading=\"lazy\" decoding=\"async\" width=\"1024\" height=\"576\" src=\"https:\/\/www.implementandosgi.com\/sitiosplus\/wp-content\/uploads\/2024\/01\/imagen-9.webp\" class=\"attachment-large size-large wp-image-954\" alt=\"\" srcset=\"https:\/\/www.implementandosgi.com\/sitiosplus\/wp-content\/uploads\/2024\/01\/imagen-9.webp 1024w, https:\/\/www.implementandosgi.com\/sitiosplus\/wp-content\/uploads\/2024\/01\/imagen-9-300x169.webp 300w, https:\/\/www.implementandosgi.com\/sitiosplus\/wp-content\/uploads\/2024\/01\/imagen-9-768x432.webp 768w\" sizes=\"(max-width: 1024px) 100vw, 1024px\" \/>\t\t\t\t\t\t\t\t<\/a>\n\t\t\t\t\t\t\t\t\t\t\t\t\t<\/div>\n\t\t\t\t<\/div>\n\t\t\t\t<div class=\"elementor-element elementor-element-e2aa7a1 elementor-widget elementor-widget-text-editor\" data-id=\"e2aa7a1\" data-element_type=\"widget\" data-widget_type=\"text-editor.default\">\n\t\t\t\t<div class=\"elementor-widget-container\">\n\t\t\t\t\t\t\t<p>\u00bfPor qu\u00e9 es importante realizar adecuadamente la caracterizaci\u00f3n de los procesos?<\/p>\t\t\t\t\t\t<\/div>\n\t\t\t\t<\/div>\n\t\t\t\t\t<\/div>\n\t\t<\/div>\n\t\t\t\t\t<\/div>\n\t\t<\/section>\n\t\t\t\t<\/div>\n\t\t","protected":false},"excerpt":{"rendered":"<p>ARTICULOS Casos empresariales en el an\u00e1lisis de procesos Gu\u00eda para el anpalisis de proceso Importancia, evoluci\u00f3n y exigencias del an\u00e1lisis de procesos Lecciones aprendidas en el an\u00e1lisis de procesos 9 mitos del an\u00e1lisis de procesos 7 problemas en el an\u00e1lisis de procesos Riesgos en el an\u00e1lisis de procesos 8 claves de exito para el an\u00e1lisis [&hellip;]<\/p>\n","protected":false},"author":1,"featured_media":0,"parent":0,"menu_order":0,"comment_status":"closed","ping_status":"closed","template":"","meta":{"site-sidebar-layout":"no-sidebar","site-content-layout":"page-builder","ast-site-content-layout":"full-width-container","site-content-style":"default","site-sidebar-style":"default","ast-global-header-display":"","ast-banner-title-visibility":"","ast-main-header-display":"","ast-hfb-above-header-display":"","ast-hfb-below-header-display":"","ast-hfb-mobile-header-display":"","site-post-title":"disabled","ast-breadcrumbs-content":"","ast-featured-img":"disabled","footer-sml-layout":"","theme-transparent-header-meta":"","adv-header-id-meta":"","stick-header-meta":"","header-above-stick-meta":"","header-main-stick-meta":"","header-below-stick-meta":"","astra-migrate-meta-layouts":"set","ast-page-background-enabled":"default","ast-page-background-meta":{"desktop":{"background-color":"var(--ast-global-color-4)","background-image":"","background-repeat":"repeat","background-position":"center center","background-size":"auto","background-attachment":"scroll","background-type":"","background-media":"","overlay-type":"","overlay-color":"","overlay-opacity":"","overlay-gradient":""},"tablet":{"background-color":"","background-image":"","background-repeat":"repeat","background-position":"center center","background-size":"auto","background-attachment":"scroll","background-type":"","background-media":"","overlay-type":"","overlay-color":"","overlay-opacity":"","overlay-gradient":""},"mobile":{"background-color":"","background-image":"","background-repeat":"repeat","background-position":"center center","background-size":"auto","background-attachment":"scroll","background-type":"","background-media":"","overlay-type":"","overlay-color":"","overlay-opacity":"","overlay-gradient":""}},"ast-content-background-meta":{"desktop":{"background-color":"var(--ast-global-color-5)","background-image":"","background-repeat":"repeat","background-position":"center center","background-size":"auto","background-attachment":"scroll","background-type":"","background-media":"","overlay-type":"","overlay-color":"","overlay-opacity":"","overlay-gradient":""},"tablet":{"background-color":"var(--ast-global-color-5)","background-image":"","background-repeat":"repeat","background-position":"center center","background-size":"auto","background-attachment":"scroll","background-type":"","background-media":"","overlay-type":"","overlay-color":"","overlay-opacity":"","overlay-gradient":""},"mobile":{"background-color":"var(--ast-global-color-5)","background-image":"","background-repeat":"repeat","background-position":"center center","background-size":"auto","background-attachment":"scroll","background-type":"","background-media":"","overlay-type":"","overlay-color":"","overlay-opacity":"","overlay-gradient":""}},"footnotes":""},"class_list":["post-936","page","type-page","status-publish","hentry"],"_links":{"self":[{"href":"https:\/\/www.implementandosgi.com\/sitiosplus\/wp-json\/wp\/v2\/pages\/936","targetHints":{"allow":["GET"]}}],"collection":[{"href":"https:\/\/www.implementandosgi.com\/sitiosplus\/wp-json\/wp\/v2\/pages"}],"about":[{"href":"https:\/\/www.implementandosgi.com\/sitiosplus\/wp-json\/wp\/v2\/types\/page"}],"author":[{"embeddable":true,"href":"https:\/\/www.implementandosgi.com\/sitiosplus\/wp-json\/wp\/v2\/users\/1"}],"replies":[{"embeddable":true,"href":"https:\/\/www.implementandosgi.com\/sitiosplus\/wp-json\/wp\/v2\/comments?post=936"}],"version-history":[{"count":8,"href":"https:\/\/www.implementandosgi.com\/sitiosplus\/wp-json\/wp\/v2\/pages\/936\/revisions"}],"predecessor-version":[{"id":2984,"href":"https:\/\/www.implementandosgi.com\/sitiosplus\/wp-json\/wp\/v2\/pages\/936\/revisions\/2984"}],"wp:attachment":[{"href":"https:\/\/www.implementandosgi.com\/sitiosplus\/wp-json\/wp\/v2\/media?parent=936"}],"curies":[{"name":"wp","href":"https:\/\/api.w.org\/{rel}","templated":true}]}}